{"id":20,"date":"2024-08-04T18:41:40","date_gmt":"2024-08-04T22:41:40","guid":{"rendered":"https:\/\/lapmir.com\/?page_id=20"},"modified":"2024-08-04T19:11:46","modified_gmt":"2024-08-04T23:11:46","slug":"portfolio","status":"publish","type":"page","link":"https:\/\/lapmir.com\/fr\/portfolio\/","title":{"rendered":"Portfolio"},"content":{"rendered":"<h2 class=\"wp-block-heading\">Recherche<\/h2>\n\n\n\n<p>Je suis pr\u00e9sentement au doctorat en administration des affaires \u00e0 l'Universit\u00e9 du Qu\u00e9bec \u00e0 Montr\u00e9al (UQAM). Ma recherche porte sur l'\u00e9conomie domestique et sa relation avec l'\u00c9tat, les pratiques marketing, les mouvements sociaux et les institutions religieuses.<\/p>\n\n\n\n<h2 class=\"wp-block-heading\">D\u00e9veloppement Web<\/h2>\n\n\n\n<p>Mon exp\u00e9rience de travail inclut des projets en WordPress, Django, SvelteKit, React et Flutter. Voici quelques projets notables sur lesquels j'ai travaill\u00e9\u00a0:<\/p>\n\n\n\n<p><strong>Salle de nouvelles (Coop de solidarit\u00e9 Pivot)\u00a0:<\/strong> dans la Salle de nouvelles de Pivot, les abonn\u00e9\u00b7es proposent et votent sur des sujets pour de nouveaux articles. L'application a \u00e9t\u00e9 con\u00e7ue avec Django c\u00f4t\u00e9 serveur et SvelteKit c\u00f4t\u00e9 client.<\/p>\n\n\n\n<p><strong>Edito (Collectif La Grande transition)\u00a0:<\/strong> dans le cadre du processus \u00e9ditorial de La Grande transition, Edito est une application pour la r\u00e9ception et l'\u00e9valuation des communications, la cr\u00e9ation et la mise \u00e0 l'horaire d'activit\u00e9s et la publication d'un horaire en ligne. Ce projet a initialement \u00e9t\u00e9 con\u00e7u en WordPress et sera reproduit en Django.<\/p>\n\n\n\n<p>J'ai \u00e9galement travaill\u00e9 sur de nombreux petits projets incluant un logiciel de feuille de temps, des th\u00e8mes et extensions WordPress pour des sites Web de m\u00e9dia et de documentation, des migrations de bases de donn\u00e9es et des outils pour int\u00e9ragir avec diff\u00e9rents APIs.<\/p>","protected":false},"excerpt":{"rendered":"<p>Research I am currently pursuing a PhD in business administration at Universit\u00e9 du Qu\u00e9bec \u00e0 Montr\u00e9al (UQAM). My research is focused on home economics and its relationship with the State, marketing practices, social movements and religious institutions. Web development My work experience includes projects in WordPress, Django, SvelteKit, React and Flutter. Some notable projects I&#8217;ve [&hellip;]<\/p>\n","protected":false},"author":1,"featured_media":0,"parent":0,"menu_order":0,"comment_status":"closed","ping_status":"closed","template":"","meta":{"footnotes":""},"class_list":["post-20","page","type-page","status-publish","hentry"],"_links":{"self":[{"href":"https:\/\/lapmir.com\/fr\/wp-json\/wp\/v2\/pages\/20","targetHints":{"allow":["GET"]}}],"collection":[{"href":"https:\/\/lapmir.com\/fr\/wp-json\/wp\/v2\/pages"}],"about":[{"href":"https:\/\/lapmir.com\/fr\/wp-json\/wp\/v2\/types\/page"}],"author":[{"embeddable":true,"href":"https:\/\/lapmir.com\/fr\/wp-json\/wp\/v2\/users\/1"}],"replies":[{"embeddable":true,"href":"https:\/\/lapmir.com\/fr\/wp-json\/wp\/v2\/comments?post=20"}],"version-history":[{"count":3,"href":"https:\/\/lapmir.com\/fr\/wp-json\/wp\/v2\/pages\/20\/revisions"}],"predecessor-version":[{"id":35,"href":"https:\/\/lapmir.com\/fr\/wp-json\/wp\/v2\/pages\/20\/revisions\/35"}],"wp:attachment":[{"href":"https:\/\/lapmir.com\/fr\/wp-json\/wp\/v2\/media?parent=20"}],"curies":[{"name":"wp","href":"https:\/\/api.w.org\/{rel}","templated":true}]}}